{"id":223,"date":"2025-04-16T03:22:44","date_gmt":"2025-04-16T03:22:44","guid":{"rendered":"https:\/\/artchik.com.br\/?page_id=223"},"modified":"2026-03-02T17:57:38","modified_gmt":"2026-03-02T17:57:38","slug":"politica-de-privacidade","status":"publish","type":"page","link":"https:\/\/artchik.com.br\/artstaging\/?page_id=223","title":{"rendered":"Pol\u00edtica de Privacidade"},"content":{"rendered":"\t\t<div data-elementor-type=\"wp-page\" data-elementor-id=\"223\" class=\"elementor elementor-223\" data-elementor-post-type=\"page\">\n\t\t\t\t<div class=\"elementor-element elementor-element-c6677bf e-flex e-con-boxed e-con e-parent\" data-id=\"c6677bf\" data-element_type=\"container\" data-settings=\"{&quot;background_background&quot;:&quot;classic&quot;,&quot;jet_parallax_layout_list&quot;:[]}\">\n\t\t\t\t\t<div class=\"e-con-inner\">\n\t\t\t\t<div class=\"elementor-element elementor-element-72f948d elementor-widget elementor-widget-heading\" data-id=\"72f948d\" data-element_type=\"widget\" data-widget_type=\"heading.default\">\n\t\t\t\t<div class=\"elementor-widget-container\">\n\t\t\t\t\t<h2 class=\"elementor-heading-title elementor-size-default\">Pol\u00edtica de Privacidade<\/h2>\t\t\t\t<\/div>\n\t\t\t\t<\/div>\n\t\t\t\t\t<\/div>\n\t\t\t\t<\/div>\n\t\t<div class=\"elementor-element elementor-element-cab49e6 e-flex e-con-boxed e-con e-parent\" data-id=\"cab49e6\" data-element_type=\"container\" data-settings=\"{&quot;jet_parallax_layout_list&quot;:[]}\">\n\t\t\t\t\t<div class=\"e-con-inner\">\n\t\t\t\t<div class=\"elementor-element elementor-element-761a674 elementor-widget elementor-widget-spacer\" data-id=\"761a674\" data-element_type=\"widget\" data-widget_type=\"spacer.default\">\n\t\t\t\t<div class=\"elementor-widget-container\">\n\t\t\t\t\t\t\t<div class=\"elementor-spacer\">\n\t\t\t<div class=\"elementor-spacer-inner\"><\/div>\n\t\t<\/div>\n\t\t\t\t\t\t<\/div>\n\t\t\t\t<\/div>\n\t\t\t\t\t<\/div>\n\t\t\t\t<\/div>\n\t\t<div class=\"elementor-element elementor-element-e809c40 e-flex e-con-boxed e-con e-parent\" data-id=\"e809c40\" data-element_type=\"container\" data-settings=\"{&quot;jet_parallax_layout_list&quot;:[]}\">\n\t\t\t\t\t<div class=\"e-con-inner\">\n\t\t\t\t<div class=\"elementor-element elementor-element-5bd6702 elementor-widget elementor-widget-heading\" data-id=\"5bd6702\" data-element_type=\"widget\" data-widget_type=\"heading.default\">\n\t\t\t\t<div class=\"elementor-widget-container\">\n\t\t\t\t\t<h2 class=\"elementor-heading-title elementor-size-default\">Prote\u00e7\u00e3o de Dados<\/h2>\t\t\t\t<\/div>\n\t\t\t\t<\/div>\n\t\t\t\t\t<\/div>\n\t\t\t\t<\/div>\n\t\t<div class=\"elementor-element elementor-element-d65a6e1 e-flex e-con-boxed e-con e-parent\" data-id=\"d65a6e1\" data-element_type=\"container\" data-settings=\"{&quot;jet_parallax_layout_list&quot;:[]}\">\n\t\t\t\t\t<div class=\"e-con-inner\">\n\t\t\t\t<div class=\"elementor-element elementor-element-6e28537 elementor-widget elementor-widget-text-editor\" data-id=\"6e28537\" data-element_type=\"widget\" data-widget_type=\"text-editor.default\">\n\t\t\t\t<div class=\"elementor-widget-container\">\n\t\t\t\t\t\t\t\t\t<p><span style=\"font-weight: 400;\">Na Art Chik, levamos a privacidade e a prote\u00e7\u00e3o de dados dos nossos visitantes e clientes a s\u00e9rio. Estamos comprometidos em cumprir com as exig\u00eancias da Lei Geral de Prote\u00e7\u00e3o de Dados (LGPD) e em garantir a transpar\u00eancia no tratamento de informa\u00e7\u00f5es pessoais.<\/span><\/p><p><span style=\"font-weight: 400;\"><strong>Coleta de Dados:<\/strong> Quando voc\u00ea visita nosso site, podemos coletar determinadas informa\u00e7\u00f5es pessoais, como nome, endere\u00e7o de e-mail, n\u00famero de telefone e informa\u00e7\u00f5es relacionadas ao seu projeto. Esses dados s\u00e3o coletados com o prop\u00f3sito exclusivo de fornecer os servi\u00e7os solicitados por voc\u00ea, como responder a consultas, enviar or\u00e7amentos e realizar a produ\u00e7\u00e3o dos r\u00f3tulos e etiquetas de acordo com suas necessidades.<\/span><\/p><p><span style=\"font-weight: 400;\"><strong>Uso e Armazenamento de Dados:<\/strong> Todas as informa\u00e7\u00f5es pessoais coletadas s\u00e3o tratadas de forma confidencial e utilizadas apenas para os fins espec\u00edficos pelos quais foram fornecidas. N\u00e3o compartilhamos suas informa\u00e7\u00f5es com terceiros, exceto quando necess\u00e1rio para cumprir obriga\u00e7\u00f5es contratuais ou exig\u00eancias legais. Adotamos medidas de seguran\u00e7a para proteger seus dados contra acesso n\u00e3o autorizado, modifica\u00e7\u00e3o, divulga\u00e7\u00e3o ou destrui\u00e7\u00e3o.<\/span><\/p><p><span style=\"font-weight: 400;\"><strong>Cookies e Tecnologias de Rastreamento:<\/strong> Nosso site pode usar cookies e outras tecnologias de rastreamento para melhorar sua experi\u00eancia de navega\u00e7\u00e3o e personalizar o conte\u00fado exibido. Essas tecnologias permitem analisar o tr\u00e1fego do site, entender o comportamento dos visitantes e otimizar nossas p\u00e1ginas. Voc\u00ea tem a op\u00e7\u00e3o de aceitar ou recusar o uso de cookies em seu navegador.<\/span><\/p><p><span style=\"font-weight: 400;\"><strong>Seus Direitos:<\/strong> De acordo com a LGPD, voc\u00ea tem o direito de acessar, corrigir, atualizar ou excluir suas informa\u00e7\u00f5es pessoais que temos em nossos registros. Se desejar exercer esses direitos ou tiver alguma d\u00favida ou preocupa\u00e7\u00e3o relacionada \u00e0 privacidade e prote\u00e7\u00e3o de dados, entre em contato conosco por meio das informa\u00e7\u00f5es fornecidas nesta p\u00e1gina.<\/span><\/p><p><span style=\"font-weight: 400;\"><strong>Atualiza\u00e7\u00f5es da Pol\u00edtica de Privacidade:<\/strong> Reservamo-nos o direito de atualizar esta pol\u00edtica de privacidade periodicamente, conforme necess\u00e1rio, para refletir mudan\u00e7as em nossas pr\u00e1ticas de privacidade. Recomendamos que voc\u00ea revise regularmente esta p\u00e1gina para se manter informado sobre quaisquer altera\u00e7\u00f5es.<\/span><\/p><p><span style=\"font-weight: 400;\">Agradecemos por confiar em n\u00f3s com suas informa\u00e7\u00f5es pessoais. Estamos comprometidos em fornecer uma experi\u00eancia segura e confi\u00e1vel. Caso tenha alguma d\u00favida ou precise de mais informa\u00e7\u00f5es, entre em contato conosco.<\/span><\/p>\t\t\t\t\t\t\t\t<\/div>\n\t\t\t\t<\/div>\n\t\t\t\t\t<\/div>\n\t\t\t\t<\/div>\n\t\t<div class=\"elementor-element elementor-element-97dd700 e-flex e-con-boxed e-con e-parent\" data-id=\"97dd700\" data-element_type=\"container\" data-settings=\"{&quot;jet_parallax_layout_list&quot;:[]}\">\n\t\t\t\t\t<div class=\"e-con-inner\">\n\t\t\t\t<div class=\"elementor-element elementor-element-f8bf2d3 elementor-widget elementor-widget-spacer\" data-id=\"f8bf2d3\" data-element_type=\"widget\" data-widget_type=\"spacer.default\">\n\t\t\t\t<div class=\"elementor-widget-container\">\n\t\t\t\t\t\t\t<div class=\"elementor-spacer\">\n\t\t\t<div class=\"elementor-spacer-inner\"><\/div>\n\t\t<\/div>\n\t\t\t\t\t\t<\/div>\n\t\t\t\t<\/div>\n\t\t\t\t\t<\/div>\n\t\t\t\t<\/div>\n\t\t\t\t<\/div>\n\t\t","protected":false},"excerpt":{"rendered":"<p>Pol\u00edtica de Privacidade Prote\u00e7\u00e3o de Dados Na Art Chik, levamos a privacidade e a prote\u00e7\u00e3o de dados dos nossos visitantes e clientes a s\u00e9rio. Estamos comprometidos em cumprir com as exig\u00eancias da Lei Geral de Prote\u00e7\u00e3o de Dados (LGPD) e em garantir a transpar\u00eancia no tratamento de informa\u00e7\u00f5es pessoais. Coleta de Dados: Quando voc\u00ea visita [&hellip;]<\/p>\n","protected":false},"author":1,"featured_media":0,"parent":0,"menu_order":0,"comment_status":"closed","ping_status":"closed","template":"","meta":{"footnotes":""},"class_list":["post-223","page","type-page","status-publish","hentry"],"_links":{"self":[{"href":"https:\/\/artchik.com.br\/artstaging\/index.php?rest_route=\/wp\/v2\/pages\/223","targetHints":{"allow":["GET"]}}],"collection":[{"href":"https:\/\/artchik.com.br\/artstaging\/index.php?rest_route=\/wp\/v2\/pages"}],"about":[{"href":"https:\/\/artchik.com.br\/artstaging\/index.php?rest_route=\/wp\/v2\/types\/page"}],"author":[{"embeddable":true,"href":"https:\/\/artchik.com.br\/artstaging\/index.php?rest_route=\/wp\/v2\/users\/1"}],"replies":[{"embeddable":true,"href":"https:\/\/artchik.com.br\/artstaging\/index.php?rest_route=%2Fwp%2Fv2%2Fcomments&post=223"}],"version-history":[{"count":10,"href":"https:\/\/artchik.com.br\/artstaging\/index.php?rest_route=\/wp\/v2\/pages\/223\/revisions"}],"predecessor-version":[{"id":3980,"href":"https:\/\/artchik.com.br\/artstaging\/index.php?rest_route=\/wp\/v2\/pages\/223\/revisions\/3980"}],"wp:attachment":[{"href":"https:\/\/artchik.com.br\/artstaging\/index.php?rest_route=%2Fwp%2Fv2%2Fmedia&parent=223"}],"curies":[{"name":"wp","href":"https:\/\/api.w.org\/{rel}","templated":true}]}}